{"id":1326,"date":"2026-02-02T09:07:29","date_gmt":"2026-02-02T09:07:29","guid":{"rendered":"https:\/\/woodentoysrainbow.com\/?post_type=product&#038;p=1326"},"modified":"2026-02-05T18:16:16","modified_gmt":"2026-02-05T18:16:16","slug":"puzzle-zivotinja","status":"publish","type":"product","link":"https:\/\/woodentoysrainbow.com\/en\/product\/puzzle-zivotinja\/","title":{"rendered":"Drvena slagalica &#8220;\u017divotinjsko carstvo&#8221;"},"content":{"rendered":"","protected":false},"excerpt":{"rendered":"<div dir=\"auto\">Unesite da\u0161ak prirode i kreativnosti u dje\u010dju igru s na\u0161om unikatnom slagalicom izra\u0111enom od visokokvalitetnog drveta &#8211; lipe. Ova slagalica nije samo igra\u010dka, ve\u0107 i prekrasan dekorativni predmet koji poti\u010de razvoj fine motorike, logi\u010dkog razmi\u0161ljanja i prepoznavanja oblika.<\/div>\n<div dir=\"auto\"><\/div>\n<div dir=\"auto\">Za\u0161to odabrati na\u0161u slagalicu?<\/div>\n<ul>\n<li dir=\"auto\"><strong>Prirodni materijali:<\/strong> Izra\u0111ena od punog drveta lipe, poznatog po svojoj meko\u0107i, izdr\u017eljivosti i ugodnom mirisu.<\/li>\n<li dir=\"auto\"><strong>Edukativni dizajn:<\/strong> Raznobojni likovi \u017eivotinja (slon, nosorog, zmija i drugi) dizajnirani su tako da se savr\u0161eno uklapaju, u\u010de\u0107i djecu strpljenju i rje\u0161avanju problema.<\/li>\n<li dir=\"auto\"><strong>Sigurnost i kvaliteta:<\/strong> Glatke ivice i ekolo\u0161ki prihvatljive boje \u010dine je sigurnom za najmla\u0111e istra\u017eiva\u010de.<\/li>\n<li dir=\"auto\"><strong>Ru\u010dna zavr\u0161na obrada:<\/strong> Svaki komad je pa\u017eljivo obra\u0111en kako bi se osigurala dugotrajnost i vrhunski taktilni do\u017eivljaj.<\/li>\n<\/ul>\n<div dir=\"auto\">Napomena: Zbog prirodne teksture drveta, svaki primjerak mo\u017ee imati blage varijacije u godovima, \u0161to va\u0161u slagalicu \u010dini unikatnom.<\/div>","protected":false},"featured_media":1327,"template":"","meta":[],"product_brand":[],"product_cat":[34],"product_tag":[],"class_list":{"0":"post-1326","1":"product","2":"type-product","3":"status-publish","4":"has-post-thumbnail","6":"product_cat-igracke","8":"first","9":"instock","10":"featured","11":"taxable","12":"shipping-taxable","13":"purchasable","14":"product-type-simple"},"yoast_head":"<!-- This site is optimized with the Yoast SEO plugin v27.0 - https:\/\/yoast.com\/product\/yoast-seo-wordpress\/ -->\n<title>Drvena slagalica &quot;\u017divotinjsko carstvo&quot; - woodentoysrainbow.com<\/title>\n<meta name=\"robots\" content=\"index, follow, max-snippet:-1, max-image-preview:large, max-video-preview:-1\" \/>\n<link rel=\"canonical\" href=\"https:\/\/woodentoysrainbow.com\/en\/product\/puzzle-zivotinja\/\" \/>\n<meta property=\"og:locale\" content=\"en_GB\" \/>\n<meta property=\"og:type\" content=\"article\" \/>\n<meta property=\"og:title\" content=\"Drvena slagalica &quot;\u017divotinjsko carstvo&quot; - woodentoysrainbow.com\" \/>\n<meta property=\"og:description\" content=\"Unesite da\u0161ak prirode i kreativnosti u dje\u010dju igru s na\u0161om unikatnom slagalicom izra\u0111enom od visokokvalitetnog drveta - lipe. Ova slagalica nije samo igra\u010dka, ve\u0107 i prekrasan dekorativni predmet koji poti\u010de razvoj fine motorike, logi\u010dkog razmi\u0161ljanja i prepoznavanja oblika.  Za\u0161to odabrati na\u0161u slagalicu?   Prirodni materijali: Izra\u0111ena od punog drveta lipe, poznatog po svojoj meko\u0107i, izdr\u017eljivosti i ugodnom mirisu.  Edukativni dizajn: Raznobojni likovi \u017eivotinja (slon, nosorog, zmija i drugi) dizajnirani su tako da se savr\u0161eno uklapaju, u\u010de\u0107i djecu strpljenju i rje\u0161avanju problema.  Sigurnost i kvaliteta: Glatke ivice i ekolo\u0161ki prihvatljive boje \u010dine je sigurnom za najmla\u0111e istra\u017eiva\u010de.  Ru\u010dna zavr\u0161na obrada: Svaki komad je pa\u017eljivo obra\u0111en kako bi se osigurala dugotrajnost i vrhunski taktilni do\u017eivljaj.  Napomena: Zbog prirodne teksture drveta, svaki primjerak mo\u017ee imati blage varijacije u godovima, \u0161to va\u0161u slagalicu \u010dini unikatnom.\" \/>\n<meta property=\"og:url\" content=\"https:\/\/woodentoysrainbow.com\/en\/product\/puzzle-zivotinja\/\" \/>\n<meta property=\"og:site_name\" content=\"woodentoysrainbow.com\" \/>\n<meta property=\"article:modified_time\" content=\"2026-02-05T18:16:16+00:00\" \/>\n<meta property=\"og:image\" content=\"https:\/\/woodentoysrainbow.com\/wp-content\/uploads\/2026\/02\/animal_puzzle_1.png\" \/>\n\t<meta property=\"og:image:width\" content=\"1200\" \/>\n\t<meta property=\"og:image:height\" content=\"1200\" \/>\n\t<meta property=\"og:image:type\" content=\"image\/png\" \/>\n<meta name=\"twitter:card\" content=\"summary_large_image\" \/>\n<meta name=\"twitter:label1\" content=\"Estimated reading time\" \/>\n\t<meta name=\"twitter:data1\" content=\"1 minute\" \/>\n<script type=\"application\/ld+json\" class=\"yoast-schema-graph\">{\"@context\":\"https:\/\/schema.org\",\"@graph\":[{\"@type\":\"WebPage\",\"@id\":\"https:\/\/woodentoysrainbow.com\/product\/puzzle-zivotinja\/\",\"url\":\"https:\/\/woodentoysrainbow.com\/product\/puzzle-zivotinja\/\",\"name\":\"Drvena slagalica \\\"\u017divotinjsko carstvo\\\" - woodentoysrainbow.com\",\"isPartOf\":{\"@id\":\"https:\/\/woodentoysrainbow.com\/#website\"},\"primaryImageOfPage\":{\"@id\":\"https:\/\/woodentoysrainbow.com\/product\/puzzle-zivotinja\/#primaryimage\"},\"image\":{\"@id\":\"https:\/\/woodentoysrainbow.com\/product\/puzzle-zivotinja\/#primaryimage\"},\"thumbnailUrl\":\"https:\/\/woodentoysrainbow.com\/wp-content\/uploads\/2026\/02\/animal_puzzle_1.png\",\"datePublished\":\"2026-02-02T09:07:29+00:00\",\"dateModified\":\"2026-02-05T18:16:16+00:00\",\"breadcrumb\":{\"@id\":\"https:\/\/woodentoysrainbow.com\/product\/puzzle-zivotinja\/#breadcrumb\"},\"inLanguage\":\"en-GB\",\"potentialAction\":[{\"@type\":\"ReadAction\",\"target\":[\"https:\/\/woodentoysrainbow.com\/product\/puzzle-zivotinja\/\"]}]},{\"@type\":\"ImageObject\",\"inLanguage\":\"en-GB\",\"@id\":\"https:\/\/woodentoysrainbow.com\/product\/puzzle-zivotinja\/#primaryimage\",\"url\":\"https:\/\/woodentoysrainbow.com\/wp-content\/uploads\/2026\/02\/animal_puzzle_1.png\",\"contentUrl\":\"https:\/\/woodentoysrainbow.com\/wp-content\/uploads\/2026\/02\/animal_puzzle_1.png\",\"width\":1200,\"height\":1200},{\"@type\":\"BreadcrumbList\",\"@id\":\"https:\/\/woodentoysrainbow.com\/product\/puzzle-zivotinja\/#breadcrumb\",\"itemListElement\":[{\"@type\":\"ListItem\",\"position\":1,\"name\":\"Home\",\"item\":\"https:\/\/woodentoysrainbow.com\/\"},{\"@type\":\"ListItem\",\"position\":2,\"name\":\"Shop\",\"item\":\"https:\/\/woodentoysrainbow.com\/shop\/\"},{\"@type\":\"ListItem\",\"position\":3,\"name\":\"Drvena slagalica &#8220;\u017divotinjsko carstvo&#8221;\"}]},{\"@type\":\"WebSite\",\"@id\":\"https:\/\/woodentoysrainbow.com\/#website\",\"url\":\"https:\/\/woodentoysrainbow.com\/\",\"name\":\"Rainbow drvene igra\u010dke\",\"description\":\"\",\"publisher\":{\"@id\":\"https:\/\/woodentoysrainbow.com\/#organization\"},\"potentialAction\":[{\"@type\":\"SearchAction\",\"target\":{\"@type\":\"EntryPoint\",\"urlTemplate\":\"https:\/\/woodentoysrainbow.com\/?s={search_term_string}\"},\"query-input\":{\"@type\":\"PropertyValueSpecification\",\"valueRequired\":true,\"valueName\":\"search_term_string\"}}],\"inLanguage\":\"en-GB\"},{\"@type\":\"Organization\",\"@id\":\"https:\/\/woodentoysrainbow.com\/#organization\",\"name\":\"Rainbow\",\"url\":\"https:\/\/woodentoysrainbow.com\/\",\"logo\":{\"@type\":\"ImageObject\",\"inLanguage\":\"en-GB\",\"@id\":\"https:\/\/woodentoysrainbow.com\/#\/schema\/logo\/image\/\",\"url\":\"https:\/\/woodentoysrainbow.com\/wp-content\/uploads\/2025\/09\/FB_IMG_logo1.png\",\"contentUrl\":\"https:\/\/woodentoysrainbow.com\/wp-content\/uploads\/2025\/09\/FB_IMG_logo1.png\",\"width\":1080,\"height\":864,\"caption\":\"Rainbow\"},\"image\":{\"@id\":\"https:\/\/woodentoysrainbow.com\/#\/schema\/logo\/image\/\"}}]}<\/script>\n<!-- \/ Yoast SEO plugin. -->","yoast_head_json":{"title":"Drvena slagalica \"\u017divotinjsko carstvo\" - woodentoysrainbow.com","robots":{"index":"index","follow":"follow","max-snippet":"max-snippet:-1","max-image-preview":"max-image-preview:large","max-video-preview":"max-video-preview:-1"},"canonical":"https:\/\/woodentoysrainbow.com\/en\/product\/puzzle-zivotinja\/","og_locale":"en_GB","og_type":"article","og_title":"Drvena slagalica \"\u017divotinjsko carstvo\" - woodentoysrainbow.com","og_description":"Unesite da\u0161ak prirode i kreativnosti u dje\u010dju igru s na\u0161om unikatnom slagalicom izra\u0111enom od visokokvalitetnog drveta - lipe. Ova slagalica nije samo igra\u010dka, ve\u0107 i prekrasan dekorativni predmet koji poti\u010de razvoj fine motorike, logi\u010dkog razmi\u0161ljanja i prepoznavanja oblika.  Za\u0161to odabrati na\u0161u slagalicu?   Prirodni materijali: Izra\u0111ena od punog drveta lipe, poznatog po svojoj meko\u0107i, izdr\u017eljivosti i ugodnom mirisu.  Edukativni dizajn: Raznobojni likovi \u017eivotinja (slon, nosorog, zmija i drugi) dizajnirani su tako da se savr\u0161eno uklapaju, u\u010de\u0107i djecu strpljenju i rje\u0161avanju problema.  Sigurnost i kvaliteta: Glatke ivice i ekolo\u0161ki prihvatljive boje \u010dine je sigurnom za najmla\u0111e istra\u017eiva\u010de.  Ru\u010dna zavr\u0161na obrada: Svaki komad je pa\u017eljivo obra\u0111en kako bi se osigurala dugotrajnost i vrhunski taktilni do\u017eivljaj.  Napomena: Zbog prirodne teksture drveta, svaki primjerak mo\u017ee imati blage varijacije u godovima, \u0161to va\u0161u slagalicu \u010dini unikatnom.","og_url":"https:\/\/woodentoysrainbow.com\/en\/product\/puzzle-zivotinja\/","og_site_name":"woodentoysrainbow.com","article_modified_time":"2026-02-05T18:16:16+00:00","og_image":[{"width":1200,"height":1200,"url":"https:\/\/woodentoysrainbow.com\/wp-content\/uploads\/2026\/02\/animal_puzzle_1.png","type":"image\/png"}],"twitter_card":"summary_large_image","twitter_misc":{"Estimated reading time":"1 minute"},"schema":{"@context":"https:\/\/schema.org","@graph":[{"@type":"WebPage","@id":"https:\/\/woodentoysrainbow.com\/product\/puzzle-zivotinja\/","url":"https:\/\/woodentoysrainbow.com\/product\/puzzle-zivotinja\/","name":"Drvena slagalica \"\u017divotinjsko carstvo\" - woodentoysrainbow.com","isPartOf":{"@id":"https:\/\/woodentoysrainbow.com\/#website"},"primaryImageOfPage":{"@id":"https:\/\/woodentoysrainbow.com\/product\/puzzle-zivotinja\/#primaryimage"},"image":{"@id":"https:\/\/woodentoysrainbow.com\/product\/puzzle-zivotinja\/#primaryimage"},"thumbnailUrl":"https:\/\/woodentoysrainbow.com\/wp-content\/uploads\/2026\/02\/animal_puzzle_1.png","datePublished":"2026-02-02T09:07:29+00:00","dateModified":"2026-02-05T18:16:16+00:00","breadcrumb":{"@id":"https:\/\/woodentoysrainbow.com\/product\/puzzle-zivotinja\/#breadcrumb"},"inLanguage":"en-GB","potentialAction":[{"@type":"ReadAction","target":["https:\/\/woodentoysrainbow.com\/product\/puzzle-zivotinja\/"]}]},{"@type":"ImageObject","inLanguage":"en-GB","@id":"https:\/\/woodentoysrainbow.com\/product\/puzzle-zivotinja\/#primaryimage","url":"https:\/\/woodentoysrainbow.com\/wp-content\/uploads\/2026\/02\/animal_puzzle_1.png","contentUrl":"https:\/\/woodentoysrainbow.com\/wp-content\/uploads\/2026\/02\/animal_puzzle_1.png","width":1200,"height":1200},{"@type":"BreadcrumbList","@id":"https:\/\/woodentoysrainbow.com\/product\/puzzle-zivotinja\/#breadcrumb","itemListElement":[{"@type":"ListItem","position":1,"name":"Home","item":"https:\/\/woodentoysrainbow.com\/"},{"@type":"ListItem","position":2,"name":"Shop","item":"https:\/\/woodentoysrainbow.com\/shop\/"},{"@type":"ListItem","position":3,"name":"Drvena slagalica &#8220;\u017divotinjsko carstvo&#8221;"}]},{"@type":"WebSite","@id":"https:\/\/woodentoysrainbow.com\/#website","url":"https:\/\/woodentoysrainbow.com\/","name":"Rainbow drvene igra\u010dke","description":"","publisher":{"@id":"https:\/\/woodentoysrainbow.com\/#organization"},"potentialAction":[{"@type":"SearchAction","target":{"@type":"EntryPoint","urlTemplate":"https:\/\/woodentoysrainbow.com\/?s={search_term_string}"},"query-input":{"@type":"PropertyValueSpecification","valueRequired":true,"valueName":"search_term_string"}}],"inLanguage":"en-GB"},{"@type":"Organization","@id":"https:\/\/woodentoysrainbow.com\/#organization","name":"Rainbow","url":"https:\/\/woodentoysrainbow.com\/","logo":{"@type":"ImageObject","inLanguage":"en-GB","@id":"https:\/\/woodentoysrainbow.com\/#\/schema\/logo\/image\/","url":"https:\/\/woodentoysrainbow.com\/wp-content\/uploads\/2025\/09\/FB_IMG_logo1.png","contentUrl":"https:\/\/woodentoysrainbow.com\/wp-content\/uploads\/2025\/09\/FB_IMG_logo1.png","width":1080,"height":864,"caption":"Rainbow"},"image":{"@id":"https:\/\/woodentoysrainbow.com\/#\/schema\/logo\/image\/"}}]}},"_links":{"self":[{"href":"https:\/\/woodentoysrainbow.com\/en\/wp-json\/wp\/v2\/product\/1326","targetHints":{"allow":["GET"]}}],"collection":[{"href":"https:\/\/woodentoysrainbow.com\/en\/wp-json\/wp\/v2\/product"}],"about":[{"href":"https:\/\/woodentoysrainbow.com\/en\/wp-json\/wp\/v2\/types\/product"}],"version-history":[{"count":4,"href":"https:\/\/woodentoysrainbow.com\/en\/wp-json\/wp\/v2\/product\/1326\/revisions"}],"predecessor-version":[{"id":1637,"href":"https:\/\/woodentoysrainbow.com\/en\/wp-json\/wp\/v2\/product\/1326\/revisions\/1637"}],"wp:featuredmedia":[{"embeddable":true,"href":"https:\/\/woodentoysrainbow.com\/en\/wp-json\/wp\/v2\/media\/1327"}],"wp:attachment":[{"href":"https:\/\/woodentoysrainbow.com\/en\/wp-json\/wp\/v2\/media?parent=1326"}],"wp:term":[{"taxonomy":"product_brand","embeddable":true,"href":"https:\/\/woodentoysrainbow.com\/en\/wp-json\/wp\/v2\/product_brand?post=1326"},{"taxonomy":"product_cat","embeddable":true,"href":"https:\/\/woodentoysrainbow.com\/en\/wp-json\/wp\/v2\/product_cat?post=1326"},{"taxonomy":"product_tag","embeddable":true,"href":"https:\/\/woodentoysrainbow.com\/en\/wp-json\/wp\/v2\/product_tag?post=1326"}],"curies":[{"name":"wp","href":"https:\/\/api.w.org\/{rel}","templated":true}]}}